{"id":54,"date":"2023-11-22T16:53:02","date_gmt":"2023-11-22T16:53:02","guid":{"rendered":"https:\/\/fruehjahrsakademie.koeln\/?page_id=54"},"modified":"2026-04-08T16:30:19","modified_gmt":"2026-04-08T14:30:19","slug":"programm","status":"publish","type":"page","link":"https:\/\/fruehjahrsakademie.koeln\/?page_id=54","title":{"rendered":"Programm"},"content":{"rendered":"\t\t<div data-elementor-type=\"wp-page\" data-elementor-id=\"54\" class=\"elementor elementor-54\" data-elementor-post-type=\"page\">\n\t\t\t\t\t\t<section class=\"elementor-section elementor-top-section elementor-element elementor-element-a158495 elementor-section-boxed elementor-section-height-default elementor-section-height-default\" data-id=\"a158495\" data-element_type=\"section\" data-e-type=\"section\">\n\t\t\t\t\t\t<div class=\"elementor-container elementor-column-gap-default\">\n\t\t\t\t\t<div class=\"elementor-column elementor-col-100 elementor-top-column elementor-element elementor-element-709d6f2\" data-id=\"709d6f2\" data-element_type=\"column\" data-e-type=\"column\">\n\t\t\t<div class=\"elementor-widget-wrap elementor-element-populated\">\n\t\t\t\t\t\t<div class=\"elementor-element elementor-element-c571c50 elementor-widget elementor-widget-text-editor\" data-id=\"c571c50\" data-element_type=\"widget\" data-e-type=\"widget\" data-widget_type=\"text-editor.default\">\n\t\t\t\t<div class=\"elementor-widget-container\">\n\t\t\t\t\t\t\t\t\t<h3>Programm<\/h3><p>25. &amp; 26. April 2026<br \/><b>Aufbaukurs Sonographie | Haut, Subkutis und subkutane Lymphknoten nach den Richtlinien der DEGUM<br \/>(18C Punkte)<br \/><\/b><em>Samstag, 25. April 2026, 9.30 Uhr bis 17.30 Uhr &amp; Sonntag, 26. April 2026, 9.00 Uhr bis 17.00 Uhr<\/em><br \/>Dorothee Dill, L\u00fcdenscheid | Stephan El Gammal, Freudenberg<\/p>\t\t\t\t\t\t\t\t<\/div>\n\t\t\t\t<\/div>\n\t\t\t\t<div class=\"elementor-element elementor-element-67cd2e5 elementor-widget__width-initial elementor-widget elementor-widget-text-editor\" data-id=\"67cd2e5\" data-element_type=\"widget\" data-e-type=\"widget\" data-widget_type=\"text-editor.default\">\n\t\t\t\t<div class=\"elementor-widget-container\">\n\t\t\t\t\t\t\t\t\t<p>Im Rahmen dieses kompletten 16-st\u00fcndigen Aufbau<span style=\"color: var( --e-global-color-text ); font-family: var( --e-global-typography-text-font-family ), Sans-serif; font-weight: var( --e-global-typography-text-font-weight ); font-size: 1rem;\">kurses werden die physikalischen Grundlagen der\u00a0<\/span><span style=\"color: var( --e-global-color-text ); font-family: var( --e-global-typography-text-font-family ), Sans-serif; font-weight: var( --e-global-typography-text-font-weight ); font-size: 1rem;\">Ultraschalldiagnostik, die spezifische Untersuchungs-<\/span><span style=\"color: var( --e-global-color-text ); font-family: var( --e-global-typography-text-font-family ), Sans-serif; font-weight: var( --e-global-typography-text-font-weight ); font-size: 1rem;\">technik mit Sonden 7,5 -18 MHz- bzw. 20-50 MHz-<\/span><span style=\"color: var( --e-global-color-text ); font-family: var( --e-global-typography-text-font-family ), Sans-serif; font-weight: var( --e-global-typography-text-font-weight ); font-size: 1rem;\">Sonographie wiederholt und vertieft. Das breit gef\u00e4cher<\/span><span style=\"color: var( --e-global-color-text ); font-family: var( --e-global-typography-text-font-family ), Sans-serif; font-weight: var( --e-global-typography-text-font-weight ); font-size: 1rem;\">te Einsatzspektrum der Ultraschalldiagnostik in Praxis\u00a0<\/span><span style=\"color: var( --e-global-color-text ); font-family: var( --e-global-typography-text-font-family ), Sans-serif; font-weight: var( --e-global-typography-text-font-weight ); font-size: 1rem;\">und Klinik wird systematisch vorgestellt und anhand\u00a0<\/span><span style=\"color: var( --e-global-color-text ); font-family: var( --e-global-typography-text-font-family ), Sans-serif; font-weight: var( --e-global-typography-text-font-weight ); font-size: 1rem;\">konkreter Fallbeispiele mit den Kursteilnehmen:den\u00a0<\/span><span style=\"color: var( --e-global-color-text ); font-family: var( --e-global-typography-text-font-family ), Sans-serif; font-weight: var( --e-global-typography-text-font-weight ); font-size: 1rem;\">interaktiv diskutiert. Der praktische Teil des Kurses um<\/span><span style=\"color: var( --e-global-color-text ); font-family: var( --e-global-typography-text-font-family ), Sans-serif; font-weight: var( --e-global-typography-text-font-weight ); font-size: 1rem;\">fasst 8 Unterrichtseinheiten in kleinen Gruppen an den\u00a0<\/span><span style=\"color: var( --e-global-color-text ); font-family: var( --e-global-typography-text-font-family ), Sans-serif; font-weight: var( --e-global-typography-text-font-weight ); font-size: 1rem;\">verschiedenen Sonographiesystemen.<\/span><\/p>\t\t\t\t\t\t\t\t<\/div>\n\t\t\t\t<\/div>\n\t\t\t\t\t<\/div>\n\t\t<\/div>\n\t\t\t\t\t<\/div>\n\t\t<\/section>\n\t\t\t\t<section class=\"elementor-section elementor-top-section elementor-element elementor-element-77aca6d elementor-section-boxed elementor-section-height-default elementor-section-height-default\" data-id=\"77aca6d\" data-element_type=\"section\" data-e-type=\"section\">\n\t\t\t\t\t\t<div class=\"elementor-container elementor-column-gap-default\">\n\t\t\t\t\t<div class=\"elementor-column elementor-col-100 elementor-top-column elementor-element elementor-element-1db4c6e\" data-id=\"1db4c6e\" data-element_type=\"column\" data-e-type=\"column\">\n\t\t\t<div class=\"elementor-widget-wrap elementor-element-populated\">\n\t\t\t\t\t\t<div class=\"elementor-element elementor-element-5bfbaea elementor-widget elementor-widget-text-editor\" data-id=\"5bfbaea\" data-element_type=\"widget\" data-e-type=\"widget\" data-widget_type=\"text-editor.default\">\n\t\t\t\t<div class=\"elementor-widget-container\">\n\t\t\t\t\t\t\t\t\t<p>Bitte beachten Sie bei Ihrer Reiseplanung die angegebenen Kurszeiten.<\/p>\t\t\t\t\t\t\t\t<\/div>\n\t\t\t\t<\/div>\n\t\t\t\t\t<\/div>\n\t\t<\/div>\n\t\t\t\t\t<\/div>\n\t\t<\/section>\n\t\t<div class=\"elementor-element elementor-element-1484ec7 e-flex e-con-boxed e-con e-parent\" data-id=\"1484ec7\" data-element_type=\"container\" data-e-type=\"container\">\n\t\t\t\t\t<div class=\"e-con-inner\">\n\t\t\t\t<div class=\"elementor-element elementor-element-ac73345 elementor-widget elementor-widget-text-editor\" data-id=\"ac73345\" data-element_type=\"widget\" data-e-type=\"widget\" data-widget_type=\"text-editor.default\">\n\t\t\t\t<div class=\"elementor-widget-container\">\n\t\t\t\t\t\t\t\t\t<h5>Der Aufbaukurs Sonographie ist derzeit\u00a0 ausgebucht.<br \/>Gerne k\u00f6nnen Sie sich auf die Warteliste setzen lassen. Schreiben Sie einfach eine E-Mail an og@ecm-koeln.com.<\/h5>\t\t\t\t\t\t\t\t<\/div>\n\t\t\t\t<\/div>\n\t\t\t\t\t<\/div>\n\t\t\t\t<\/div>\n\t\t<div class=\"elementor-element elementor-element-050978d e-flex e-con-boxed e-con e-parent\" data-id=\"050978d\" data-element_type=\"container\" data-e-type=\"container\">\n\t\t\t\t\t<div class=\"e-con-inner\">\n\t\t\t\t<div class=\"elementor-element elementor-element-3b36132 elementor-widget elementor-widget-spacer\" data-id=\"3b36132\" data-element_type=\"widget\" data-e-type=\"widget\" data-widget_type=\"spacer.default\">\n\t\t\t\t<div class=\"elementor-widget-container\">\n\t\t\t\t\t\t\t<div class=\"elementor-spacer\">\n\t\t\t<div class=\"elementor-spacer-inner\"><\/div>\n\t\t<\/div>\n\t\t\t\t\t\t<\/div>\n\t\t\t\t<\/div>\n\t\t\t\t\t<\/div>\n\t\t\t\t<\/div>\n\t\t\t\t<section class=\"elementor-section elementor-top-section elementor-element elementor-element-47e378a elementor-section-boxed elementor-section-height-default elementor-section-height-default\" data-id=\"47e378a\" data-element_type=\"section\" data-e-type=\"section\">\n\t\t\t\t\t\t<div class=\"elementor-container elementor-column-gap-default\">\n\t\t\t\t\t<div class=\"elementor-column elementor-col-100 elementor-top-column elementor-element elementor-element-e1fbe74\" data-id=\"e1fbe74\" data-element_type=\"column\" data-e-type=\"column\">\n\t\t\t<div class=\"elementor-widget-wrap elementor-element-populated\">\n\t\t\t\t\t\t<div class=\"elementor-element elementor-element-8186543 elementor-widget elementor-widget-text-editor\" data-id=\"8186543\" data-element_type=\"widget\" data-e-type=\"widget\" data-widget_type=\"text-editor.default\">\n\t\t\t\t<div class=\"elementor-widget-container\">\n\t\t\t\t\t\t\t\t\t<h3><span style=\"font-size: 22px;\">25. &amp; 26. April 2026<\/span><\/h3><p><b><strong>Intensivkurs Phlebologie und vaskul\u00e4rer Ultraschall (DEGUM zertifiziert)<br \/>(4A + 5C Punkte)<br \/><\/strong><\/b><em>Samstag, 25. April 2026, 14.00 Uhr bis 17.30 Uhr &amp; Sonntag, 26. April 2026, 9.00 Uhr bis 12.15 Uhr<\/em><br \/>Felizitas Pannier, Bonn | Knuth Rass, Simmerath<\/p>\t\t\t\t\t\t\t\t<\/div>\n\t\t\t\t<\/div>\n\t\t\t\t<div class=\"elementor-element elementor-element-1154dd2 elementor-widget__width-initial elementor-widget elementor-widget-text-editor\" data-id=\"1154dd2\" data-element_type=\"widget\" data-e-type=\"widget\" data-widget_type=\"text-editor.default\">\n\t\t\t\t<div class=\"elementor-widget-container\">\n\t\t\t\t\t\t\t\t\t<p>Der Kurs richtet sich an dermatologische WeiterbildungsassistentInnen in Klinik und Praxis, sowie an alle KollegInnen, die ihr Wissen und ihre F\u00e4higkeiten in diesem interdisziplin\u00e4ren Gebiet auffrischen oder erweitern wollen.<br \/>Schwerpunkt des Kurses im ersten Abschnitt sind die Besprechung der wesentlichen phlebologischen Krankheitsbilder in Klinik, Diagnostik und Therapie sowie die Erarbeitung des diagnostischen und therapeutischen Vorgehens anhand von Fallbeispielen. Dar\u00fcber hinaus werden die physikalischen Grundlagen der vaskul\u00e4ren Ultraschalldiagnostik vermittelt. Im Rahmen des zweiten praktischen Kursteils am Ultraschallger\u00e4t sollen das erworbene Wissen in kleinen Gruppen mit Patienten vertieft und das diagnostische Vorgehen durch die eigenst\u00e4ndige Untersuchung unter fachlicher Anleitung ge\u00fcbt werden.<\/p><p>Einen vollst\u00e4ndigen \u00dcberblick \u00fcber die Kursinhalte und den Programmablauf finden Sie <a href=\"https:\/\/fruehjahrsakademie.koeln\/wp-content\/uploads\/2026\/03\/2026_04_25_Phlebologie_Intensivkurs_Programm_V1.0.pdf\">hier<\/a>.<\/p>\t\t\t\t\t\t\t\t<\/div>\n\t\t\t\t<\/div>\n\t\t\t\t\t<\/div>\n\t\t<\/div>\n\t\t\t\t\t<\/div>\n\t\t<\/section>\n\t\t<div class=\"elementor-element elementor-element-43801d7 e-flex e-con-boxed e-con e-parent\" data-id=\"43801d7\" data-element_type=\"container\" data-e-type=\"container\">\n\t\t\t\t\t<div class=\"e-con-inner\">\n\t\t<div class=\"elementor-element elementor-element-a58863a e-con-full e-flex e-con e-child\" data-id=\"a58863a\" data-element_type=\"container\" data-e-type=\"container\">\n\t\t\t\t<\/div>\n\t\t<div class=\"elementor-element elementor-element-a4dbb68 e-con-full e-flex e-con e-child\" data-id=\"a4dbb68\" data-element_type=\"container\" data-e-type=\"container\">\n\t\t\t\t<\/div>\n\t\t<div class=\"elementor-element elementor-element-1b61543 e-con-full e-flex e-con e-child\" data-id=\"1b61543\" data-element_type=\"container\" data-e-type=\"container\">\n\t\t\t\t<\/div>\n\t\t<div class=\"elementor-element elementor-element-7193f79 e-con-full e-flex e-con e-child\" data-id=\"7193f79\" data-element_type=\"container\" data-e-type=\"container\">\n\t\t\t\t<\/div>\n\t\t\t\t\t<\/div>\n\t\t\t\t<\/div>\n\t\t\t\t<\/div>\n\t\t","protected":false},"excerpt":{"rendered":"<p>Programm 25. &amp; 26. April 2026Aufbaukurs Sonographie | Haut, Subkutis und subkutane Lymphknoten nach den Richtlinien der DEGUM(18C Punkte)Samstag, 25. April 2026, 9.30 Uhr bis 17.30 Uhr &amp; Sonntag, 26. April 2026, 9.00 Uhr bis 17.00 UhrDorothee Dill, L\u00fcdenscheid | Stephan El Gammal, Freudenberg Im Rahmen dieses kompletten 16-st\u00fcndigen Aufbaukurses werden die physikalischen Grundlagen der\u00a0Ultraschalldiagnostik, [&hellip;]<\/p>\n","protected":false},"author":1,"featured_media":0,"parent":0,"menu_order":0,"comment_status":"closed","ping_status":"closed","template":"","meta":{"footnotes":""},"class_list":["post-54","page","type-page","status-publish","hentry"],"aioseo_notices":[],"_links":{"self":[{"href":"https:\/\/fruehjahrsakademie.koeln\/index.php?rest_route=\/wp\/v2\/pages\/54","targetHints":{"allow":["GET"]}}],"collection":[{"href":"https:\/\/fruehjahrsakademie.koeln\/index.php?rest_route=\/wp\/v2\/pages"}],"about":[{"href":"https:\/\/fruehjahrsakademie.koeln\/index.php?rest_route=\/wp\/v2\/types\/page"}],"author":[{"embeddable":true,"href":"https:\/\/fruehjahrsakademie.koeln\/index.php?rest_route=\/wp\/v2\/users\/1"}],"replies":[{"embeddable":true,"href":"https:\/\/fruehjahrsakademie.koeln\/index.php?rest_route=%2Fwp%2Fv2%2Fcomments&post=54"}],"version-history":[{"count":133,"href":"https:\/\/fruehjahrsakademie.koeln\/index.php?rest_route=\/wp\/v2\/pages\/54\/revisions"}],"predecessor-version":[{"id":718,"href":"https:\/\/fruehjahrsakademie.koeln\/index.php?rest_route=\/wp\/v2\/pages\/54\/revisions\/718"}],"wp:attachment":[{"href":"https:\/\/fruehjahrsakademie.koeln\/index.php?rest_route=%2Fwp%2Fv2%2Fmedia&parent=54"}],"curies":[{"name":"wp","href":"https:\/\/api.w.org\/{rel}","templated":true}]}}