{"id":85,"date":"2023-11-22T17:53:57","date_gmt":"2023-11-22T17:53:57","guid":{"rendered":"https:\/\/fruehjahrsakademie.koeln\/?page_id=85"},"modified":"2026-02-07T11:18:22","modified_gmt":"2026-02-07T09:18:22","slug":"anmeldung","status":"publish","type":"page","link":"https:\/\/fruehjahrsakademie.koeln\/?page_id=85","title":{"rendered":"Anmeldung"},"content":{"rendered":"\t\t<div data-elementor-type=\"wp-page\" data-elementor-id=\"85\" class=\"elementor elementor-85\" data-elementor-post-type=\"page\">\n\t\t\t\t\t\t<section class=\"elementor-section elementor-top-section elementor-element elementor-element-1e00cce elementor-section-boxed elementor-section-height-default elementor-section-height-default\" data-id=\"1e00cce\" data-element_type=\"section\" data-e-type=\"section\">\n\t\t\t\t\t\t<div class=\"elementor-container elementor-column-gap-default\">\n\t\t\t\t\t<div class=\"elementor-column elementor-col-100 elementor-top-column elementor-element elementor-element-9bf3af6\" data-id=\"9bf3af6\" data-element_type=\"column\" data-e-type=\"column\">\n\t\t\t<div class=\"elementor-widget-wrap elementor-element-populated\">\n\t\t\t\t\t\t<div class=\"elementor-element elementor-element-4d16784 elementor-widget elementor-widget-text-editor\" data-id=\"4d16784\" data-element_type=\"widget\" data-e-type=\"widget\" data-widget_type=\"text-editor.default\">\n\t\t\t\t<div class=\"elementor-widget-container\">\n\t\t\t\t\t\t\t\t\t<h2>Anmeldung<\/h2>\t\t\t\t\t\t\t\t<\/div>\n\t\t\t\t<\/div>\n\t\t\t\t\t<\/div>\n\t\t<\/div>\n\t\t\t\t\t<\/div>\n\t\t<\/section>\n\t\t\t\t<section class=\"elementor-section elementor-top-section elementor-element elementor-element-c28339c elementor-section-boxed elementor-section-height-default elementor-section-height-default\" data-id=\"c28339c\" data-element_type=\"section\" data-e-type=\"section\">\n\t\t\t\t\t\t<div class=\"elementor-container elementor-column-gap-default\">\n\t\t\t\t\t<div class=\"elementor-column elementor-col-100 elementor-top-column elementor-element elementor-element-de9fef4\" data-id=\"de9fef4\" data-element_type=\"column\" data-e-type=\"column\">\n\t\t\t<div class=\"elementor-widget-wrap elementor-element-populated\">\n\t\t\t\t\t\t<div class=\"elementor-element elementor-element-103afc9 elementor-button-align-stretch elementor-widget elementor-widget-form\" data-id=\"103afc9\" data-element_type=\"widget\" data-e-type=\"widget\" data-settings=\"{&quot;step_next_label&quot;:&quot;N\\u00e4chster&quot;,&quot;step_previous_label&quot;:&quot;Voriger&quot;,&quot;button_width&quot;:&quot;100&quot;,&quot;step_type&quot;:&quot;number_text&quot;,&quot;step_icon_shape&quot;:&quot;circle&quot;}\" data-widget_type=\"form.default\">\n\t\t\t\t<div class=\"elementor-widget-container\">\n\t\t\t\t\t\t\t<form class=\"elementor-form\" method=\"post\" name=\"Neues Formular\" aria-label=\"Neues Formular\">\n\t\t\t<input type=\"hidden\" name=\"post_id\" value=\"85\"\/>\n\t\t\t<input type=\"hidden\" name=\"form_id\" value=\"103afc9\"\/>\n\t\t\t<input type=\"hidden\" name=\"referer_title\" value=\"Anmeldung\" \/>\n\n\t\t\t\t\t\t\t<input type=\"hidden\" name=\"queried_id\" value=\"85\"\/>\n\t\t\t\n\t\t\t<div class=\"elementor-form-fields-wrapper elementor-labels-above\">\n\t\t\t\t\t\t\t\t<div class=\"elementor-field-type-select elementor-field-group elementor-column elementor-field-group-Anrede elementor-col-20\">\n\t\t\t\t\t\t\t\t\t\t\t\t<label for=\"form-field-Anrede\" class=\"elementor-field-label\">\n\t\t\t\t\t\t\t\tAnrede\t\t\t\t\t\t\t<\/label>\n\t\t\t\t\t\t\t\t<div class=\"elementor-field elementor-select-wrapper remove-before \">\n\t\t\t<div class=\"select-caret-down-wrapper\">\n\t\t\t\t<i aria-hidden=\"true\" class=\"eicon-caret-down\"><\/i>\t\t\t<\/div>\n\t\t\t<select name=\"form_fields[Anrede]\" id=\"form-field-Anrede\" class=\"elementor-field-textual elementor-size-sm\">\n\t\t\t\t\t\t\t\t\t<option value=\"Frau\">Frau<\/option>\n\t\t\t\t\t\t\t\t\t<option value=\"Herr\">Herr<\/option>\n\t\t\t\t\t\t\t\t\t<option value=\"Div\">Div<\/option>\n\t\t\t\t\t\t\t<\/select>\n\t\t<\/div>\n\t\t\t\t\t\t<\/div>\n\t\t\t\t\t\t\t\t<div class=\"elementor-field-type-select elementor-field-group elementor-column elementor-field-group-Titel elementor-col-20\">\n\t\t\t\t\t\t\t\t\t\t\t\t<label for=\"form-field-Titel\" class=\"elementor-field-label\">\n\t\t\t\t\t\t\t\tTitel\t\t\t\t\t\t\t<\/label>\n\t\t\t\t\t\t\t\t<div class=\"elementor-field elementor-select-wrapper remove-before \">\n\t\t\t<div class=\"select-caret-down-wrapper\">\n\t\t\t\t<i aria-hidden=\"true\" class=\"eicon-caret-down\"><\/i>\t\t\t<\/div>\n\t\t\t<select name=\"form_fields[Titel]\" id=\"form-field-Titel\" class=\"elementor-field-textual elementor-size-sm\">\n\t\t\t\t\t\t\t\t\t<option value=\"\"><\/option>\n\t\t\t\t\t\t\t\t\t<option value=\"Dr.\">Dr.<\/option>\n\t\t\t\t\t\t\t\t\t<option value=\"Prof. Dr.\">Prof. Dr.<\/option>\n\t\t\t\t\t\t\t<\/select>\n\t\t<\/div>\n\t\t\t\t\t\t<\/div>\n\t\t\t\t\t\t\t\t<div class=\"elementor-field-type-text elementor-field-group elementor-column elementor-field-group-Vorname elementor-col-30 elementor-field-required elementor-mark-required\">\n\t\t\t\t\t\t\t\t\t\t\t\t<label for=\"form-field-Vorname\" class=\"elementor-field-label\">\n\t\t\t\t\t\t\t\tVorname\t\t\t\t\t\t\t<\/label>\n\t\t\t\t\t\t\t\t\t\t\t\t\t\t<input size=\"1\" type=\"text\" name=\"form_fields[Vorname]\" id=\"form-field-Vorname\" class=\"elementor-field elementor-size-sm  elementor-field-textual\" placeholder=\"Vorname\" required=\"required\">\n\t\t\t\t\t\t\t\t\t\t\t<\/div>\n\t\t\t\t\t\t\t\t<div class=\"elementor-field-type-text elementor-field-group elementor-column elementor-field-group-Name elementor-col-30 elementor-field-required elementor-mark-required\">\n\t\t\t\t\t\t\t\t\t\t\t\t<label for=\"form-field-Name\" class=\"elementor-field-label\">\n\t\t\t\t\t\t\t\tName\t\t\t\t\t\t\t<\/label>\n\t\t\t\t\t\t\t\t\t\t\t\t\t\t<input size=\"1\" type=\"text\" name=\"form_fields[Name]\" id=\"form-field-Name\" class=\"elementor-field elementor-size-sm  elementor-field-textual\" placeholder=\"Name\" required=\"required\">\n\t\t\t\t\t\t\t\t\t\t\t<\/div>\n\t\t\t\t\t\t\t\t<div class=\"elementor-field-type-checkbox elementor-field-group elementor-column elementor-field-group-field_2f1d6ac elementor-col-100\">\n\t\t\t\t\t\t\t\t\t\t\t\t<label for=\"form-field-field_2f1d6ac\" class=\"elementor-field-label\">\n\t\t\t\t\t\t\t\tRechnungsadresse\t\t\t\t\t\t\t<\/label>\n\t\t\t\t\t\t<div class=\"elementor-field-subgroup  elementor-subgroup-inline\"><span class=\"elementor-field-option\"><input type=\"checkbox\" value=\"Privatanschrift\" id=\"form-field-field_2f1d6ac-0\" name=\"form_fields[field_2f1d6ac][]\"> <label for=\"form-field-field_2f1d6ac-0\">Privatanschrift<\/label><\/span><span class=\"elementor-field-option\"><input type=\"checkbox\" value=\"Institutsadresse\" id=\"form-field-field_2f1d6ac-1\" name=\"form_fields[field_2f1d6ac][]\"> <label for=\"form-field-field_2f1d6ac-1\">Institutsadresse<\/label><\/span><\/div>\t\t\t\t<\/div>\n\t\t\t\t\t\t\t\t<div class=\"elementor-field-type-text elementor-field-group elementor-column elementor-field-group-Institut elementor-col-100\">\n\t\t\t\t\t\t\t\t\t\t\t\t<label for=\"form-field-Institut\" class=\"elementor-field-label\">\n\t\t\t\t\t\t\t\tInstitut\t\t\t\t\t\t\t<\/label>\n\t\t\t\t\t\t\t\t\t\t\t\t\t\t<input size=\"1\" type=\"text\" name=\"form_fields[Institut]\" id=\"form-field-Institut\" class=\"elementor-field elementor-size-sm  elementor-field-textual\" placeholder=\"Institut\">\n\t\t\t\t\t\t\t\t\t\t\t<\/div>\n\t\t\t\t\t\t\t\t<div class=\"elementor-field-type-text elementor-field-group elementor-column elementor-field-group-Strasse elementor-col-100 elementor-field-required elementor-mark-required\">\n\t\t\t\t\t\t\t\t\t\t\t\t<label for=\"form-field-Strasse\" class=\"elementor-field-label\">\n\t\t\t\t\t\t\t\tStra\u00dfe Nr\t\t\t\t\t\t\t<\/label>\n\t\t\t\t\t\t\t\t\t\t\t\t\t\t<input size=\"1\" type=\"text\" name=\"form_fields[Strasse]\" id=\"form-field-Strasse\" class=\"elementor-field elementor-size-sm  elementor-field-textual\" placeholder=\"Stra\u00dfe Nr\" required=\"required\">\n\t\t\t\t\t\t\t\t\t\t\t<\/div>\n\t\t\t\t\t\t\t\t<div class=\"elementor-field-type-text elementor-field-group elementor-column elementor-field-group-PLZ elementor-col-20 elementor-field-required elementor-mark-required\">\n\t\t\t\t\t\t\t\t\t\t\t\t<label for=\"form-field-PLZ\" class=\"elementor-field-label\">\n\t\t\t\t\t\t\t\tPLZ\t\t\t\t\t\t\t<\/label>\n\t\t\t\t\t\t\t\t\t\t\t\t\t\t<input size=\"1\" type=\"text\" name=\"form_fields[PLZ]\" id=\"form-field-PLZ\" class=\"elementor-field elementor-size-sm  elementor-field-textual\" placeholder=\"PLZ\" required=\"required\">\n\t\t\t\t\t\t\t\t\t\t\t<\/div>\n\t\t\t\t\t\t\t\t<div class=\"elementor-field-type-text elementor-field-group elementor-column elementor-field-group-Ort elementor-col-80 elementor-field-required elementor-mark-required\">\n\t\t\t\t\t\t\t\t\t\t\t\t<label for=\"form-field-Ort\" class=\"elementor-field-label\">\n\t\t\t\t\t\t\t\tOrt\t\t\t\t\t\t\t<\/label>\n\t\t\t\t\t\t\t\t\t\t\t\t\t\t<input size=\"1\" type=\"text\" name=\"form_fields[Ort]\" id=\"form-field-Ort\" class=\"elementor-field elementor-size-sm  elementor-field-textual\" placeholder=\"Ort\" required=\"required\">\n\t\t\t\t\t\t\t\t\t\t\t<\/div>\n\t\t\t\t\t\t\t\t<div class=\"elementor-field-type-email elementor-field-group elementor-column elementor-field-group-EMail elementor-col-100 elementor-field-required elementor-mark-required\">\n\t\t\t\t\t\t\t\t\t\t\t\t<label for=\"form-field-EMail\" class=\"elementor-field-label\">\n\t\t\t\t\t\t\t\tE-Mail\t\t\t\t\t\t\t<\/label>\n\t\t\t\t\t\t\t\t\t\t\t\t\t\t<input size=\"1\" type=\"email\" name=\"form_fields[EMail]\" id=\"form-field-EMail\" class=\"elementor-field elementor-size-sm  elementor-field-textual\" placeholder=\"E-Mail\" required=\"required\">\n\t\t\t\t\t\t\t\t\t\t\t<\/div>\n\t\t\t\t\t\t\t\t<div class=\"elementor-field-type-text elementor-field-group elementor-column elementor-field-group-field_cc7574c elementor-col-100\">\n\t\t\t\t\t\t\t\t\t\t\t\t<label for=\"form-field-field_cc7574c\" class=\"elementor-field-label\">\n\t\t\t\t\t\t\t\tEFN (15-stellig)\t\t\t\t\t\t\t<\/label>\n\t\t\t\t\t\t\t\t\t\t\t\t\t\t<input size=\"1\" type=\"text\" name=\"form_fields[field_cc7574c]\" id=\"form-field-field_cc7574c\" class=\"elementor-field elementor-size-sm  elementor-field-textual\" placeholder=\"8027...\">\n\t\t\t\t\t\t\t\t\t\t\t<\/div>\n\t\t\t\t\t\t\t\t<div class=\"elementor-field-type-checkbox elementor-field-group elementor-column elementor-field-group-field_3acd5a0 elementor-col-100\">\n\t\t\t\t\t\t\t\t\t\t\t\t<label for=\"form-field-field_3acd5a0\" class=\"elementor-field-label\">\n\t\t\t\t\t\t\t\tHiermit m\u00f6chte ich folgenden Kurs verbindlich buchen:\t\t\t\t\t\t\t<\/label>\n\t\t\t\t\t\t<div class=\"elementor-field-subgroup  \"><span class=\"elementor-field-option\"><input type=\"checkbox\" value=\"Intensivkurs Phlebologie und vaskul\u00e4rer Ultraschall 250 EUR (Assistenzarzt\/Assistenz\u00e4rztin)\" id=\"form-field-field_3acd5a0-0\" name=\"form_fields[field_3acd5a0][]\"> <label for=\"form-field-field_3acd5a0-0\">Intensivkurs Phlebologie und vaskul\u00e4rer Ultraschall 250 EUR (Assistenzarzt\/Assistenz\u00e4rztin)<\/label><\/span><span class=\"elementor-field-option\"><input type=\"checkbox\" value=\"Intensivkurs Phlebologie und vaskul\u00e4rer Ultraschall  250 EUR (Mitglied RWDG)\" id=\"form-field-field_3acd5a0-1\" name=\"form_fields[field_3acd5a0][]\"> <label for=\"form-field-field_3acd5a0-1\">Intensivkurs Phlebologie und vaskul\u00e4rer Ultraschall  250 EUR (Mitglied RWDG)<\/label><\/span><span class=\"elementor-field-option\"><input type=\"checkbox\" value=\"Intensivkurs Phlebologie und vaskul\u00e4rer Ultraschall  275 EUR (Arzt\/\u00c4rztin)\" id=\"form-field-field_3acd5a0-2\" name=\"form_fields[field_3acd5a0][]\"> <label for=\"form-field-field_3acd5a0-2\">Intensivkurs Phlebologie und vaskul\u00e4rer Ultraschall  275 EUR (Arzt\/\u00c4rztin)<\/label><\/span><\/div>\t\t\t\t<\/div>\n\t\t\t\t\t\t\t\t<div class=\"elementor-field-type-checkbox elementor-field-group elementor-column elementor-field-group-field_cc62a78 elementor-col-100\">\n\t\t\t\t\t\t\t\t\t\t\t\t<label for=\"form-field-field_cc62a78\" class=\"elementor-field-label\">\n\t\t\t\t\t\t\t\tWeiterhin m\u00f6chte ich hiermit die Mitgliedschaft in der RWDG beantragen:\t\t\t\t\t\t\t<\/label>\n\t\t\t\t\t\t<div class=\"elementor-field-subgroup  \"><span class=\"elementor-field-option\"><input type=\"checkbox\" value=\"Mitgliedschaft verbindlich beantragen (40 EUR pro Jahr)\" id=\"form-field-field_cc62a78-0\" name=\"form_fields[field_cc62a78]\"> <label for=\"form-field-field_cc62a78-0\">Mitgliedschaft verbindlich beantragen (40 EUR pro Jahr)<\/label><\/span><\/div>\t\t\t\t<\/div>\n\t\t\t\t\t\t\t\t<div class=\"elementor-field-type-select elementor-field-group elementor-column elementor-field-group-field_335abe9 elementor-col-20\">\n\t\t\t\t\t\t\t\t\t\t\t\t<label for=\"form-field-field_335abe9\" class=\"elementor-field-label\">\n\t\t\t\t\t\t\t\tDie Geb\u00fchr zahle ich per \t\t\t\t\t\t\t<\/label>\n\t\t\t\t\t\t\t\t<div class=\"elementor-field elementor-select-wrapper remove-before \">\n\t\t\t<div class=\"select-caret-down-wrapper\">\n\t\t\t\t<i aria-hidden=\"true\" class=\"eicon-caret-down\"><\/i>\t\t\t<\/div>\n\t\t\t<select name=\"form_fields[field_335abe9]\" id=\"form-field-field_335abe9\" class=\"elementor-field-textual elementor-size-sm\">\n\t\t\t\t\t\t\t\t\t<option value=\"Rechnung\">Rechnung<\/option>\n\t\t\t\t\t\t\t\t\t<option value=\"Kreditkarte\">Kreditkarte<\/option>\n\t\t\t\t\t\t\t<\/select>\n\t\t<\/div>\n\t\t\t\t\t\t<\/div>\n\t\t\t\t\t\t\t\t<div class=\"elementor-field-type-text elementor-field-group elementor-column elementor-field-group-field_9151e6b elementor-col-40\">\n\t\t\t\t\t\t\t\t\t\t\t\t<label for=\"form-field-field_9151e6b\" class=\"elementor-field-label\">\n\t\t\t\t\t\t\t\tKartennummer\t\t\t\t\t\t\t<\/label>\n\t\t\t\t\t\t\t\t\t\t\t\t\t\t<input size=\"1\" type=\"text\" name=\"form_fields[field_9151e6b]\" id=\"form-field-field_9151e6b\" class=\"elementor-field elementor-size-sm  elementor-field-textual\">\n\t\t\t\t\t\t\t\t\t\t\t<\/div>\n\t\t\t\t\t\t\t\t<div class=\"elementor-field-type-text elementor-field-group elementor-column elementor-field-group-field_50a8f5e elementor-col-20\">\n\t\t\t\t\t\t\t\t\t\t\t\t<label for=\"form-field-field_50a8f5e\" class=\"elementor-field-label\">\n\t\t\t\t\t\t\t\tG\u00fcltig bis\t\t\t\t\t\t\t<\/label>\n\t\t\t\t\t\t\t\t\t\t\t\t\t\t<input size=\"1\" type=\"text\" name=\"form_fields[field_50a8f5e]\" id=\"form-field-field_50a8f5e\" class=\"elementor-field elementor-size-sm  elementor-field-textual\" placeholder=\"MM\/JJ\">\n\t\t\t\t\t\t\t\t\t\t\t<\/div>\n\t\t\t\t\t\t\t\t<div class=\"elementor-field-type-text elementor-field-group elementor-column elementor-field-group-field_dfc6ee3 elementor-col-20\">\n\t\t\t\t\t\t\t\t\t\t\t\t<label for=\"form-field-field_dfc6ee3\" class=\"elementor-field-label\">\n\t\t\t\t\t\t\t\tSicherheitscode\t\t\t\t\t\t\t<\/label>\n\t\t\t\t\t\t\t\t\t\t\t\t\t\t<input size=\"1\" type=\"text\" name=\"form_fields[field_dfc6ee3]\" id=\"form-field-field_dfc6ee3\" class=\"elementor-field elementor-size-sm  elementor-field-textual\" placeholder=\"CVV\">\n\t\t\t\t\t\t\t\t\t\t\t<\/div>\n\t\t\t\t\t\t\t\t<div class=\"elementor-field-type-acceptance elementor-field-group elementor-column elementor-field-group-field_4fcb102 elementor-col-100 elementor-field-required elementor-mark-required\">\n\t\t\t\t\t\t\t<div class=\"elementor-field-subgroup\">\n\t\t\t<span class=\"elementor-field-option\">\n\t\t\t\t<input type=\"checkbox\" name=\"form_fields[field_4fcb102]\" id=\"form-field-field_4fcb102\" class=\"elementor-field elementor-size-sm  elementor-acceptance-field\" required=\"required\">\n\t\t\t\t<label for=\"form-field-field_4fcb102\">Hiermit best\u00e4tige ich, dass ich die unten stehenden Stornobedingungen und die <a href=\"https:\/\/fruehjahrsakademie.koeln\/?page_id=15\/\"target=\"_blank\">Datenschutzhinweise<\/a> zur Kenntnis genommen habe und damit einverstanden bin.<\/label>\t\t\t<\/span>\n\t\t<\/div>\n\t\t\t\t\t\t<\/div>\n\t\t\t\t\t\t\t\t<div class=\"elementor-field-group elementor-column elementor-field-type-submit elementor-col-100 e-form__buttons\">\n\t\t\t\t\t<button class=\"elementor-button elementor-size-sm\" type=\"submit\">\n\t\t\t\t\t\t<span class=\"elementor-button-content-wrapper\">\n\t\t\t\t\t\t\t\t\t\t\t\t\t\t\t\t\t\t\t\t\t\t<span class=\"elementor-button-text\">Senden<\/span>\n\t\t\t\t\t\t\t\t\t\t\t\t\t<\/span>\n\t\t\t\t\t<\/button>\n\t\t\t\t<\/div>\n\t\t\t<\/div>\n\t\t<\/form>\n\t\t\t\t\t\t<\/div>\n\t\t\t\t<\/div>\n\t\t\t\t\t<\/div>\n\t\t<\/div>\n\t\t\t\t\t<\/div>\n\t\t<\/section>\n\t\t\t\t<section class=\"elementor-section elementor-top-section elementor-element elementor-element-fe510db elementor-section-boxed elementor-section-height-default elementor-section-height-default\" data-id=\"fe510db\" data-element_type=\"section\" data-e-type=\"section\">\n\t\t\t\t\t\t<div class=\"elementor-container elementor-column-gap-default\">\n\t\t\t\t\t<div class=\"elementor-column elementor-col-100 elementor-top-column elementor-element elementor-element-9612a13\" data-id=\"9612a13\" data-element_type=\"column\" data-e-type=\"column\">\n\t\t\t<div class=\"elementor-widget-wrap elementor-element-populated\">\n\t\t\t\t\t\t<div class=\"elementor-element elementor-element-2b39550 elementor-widget elementor-widget-text-editor\" data-id=\"2b39550\" data-element_type=\"widget\" data-e-type=\"widget\" data-widget_type=\"text-editor.default\">\n\t\t\t\t<div class=\"elementor-widget-container\">\n\t\t\t\t\t\t\t\t\t<p><b>Stornierung der Anmeldung<\/b><br \/>Eine Stornierung der Anmeldung muss schriftlich erfolgen. Bei Stornierung bis einschlie\u00dflich 31.01.2026 (Posteingang) wird die Teilnehmergeb\u00fchr abz\u00fcglich einer Bearbeitungsgeb\u00fchr von 35 EUR r\u00fcckerstattet. Bei einer sp\u00e4teren oder vers\u00e4umten Stornierung kann keine R\u00fcckerstattung der Teilnehmergeb\u00fchren erfolgen. Ersatzpersonen k\u00f6nnen kostenfrei benannt werden. Bitte beachten Sie au\u00dferdem, dass ein Nichterscheinen zur Veranstaltung nicht von der Zahlungspflicht befreit.<\/p>\t\t\t\t\t\t\t\t<\/div>\n\t\t\t\t<\/div>\n\t\t\t\t\t<\/div>\n\t\t<\/div>\n\t\t\t\t\t<\/div>\n\t\t<\/section>\n\t\t\t\t<\/div>\n\t\t","protected":false},"excerpt":{"rendered":"<p>Anmeldung Stornierung der AnmeldungEine Stornierung der Anmeldung muss schriftlich erfolgen. Bei Stornierung bis einschlie\u00dflich 31.01.2026 (Posteingang) wird die Teilnehmergeb\u00fchr abz\u00fcglich einer Bearbeitungsgeb\u00fchr von 35 EUR r\u00fcckerstattet. Bei einer sp\u00e4teren oder vers\u00e4umten Stornierung kann keine R\u00fcckerstattung der Teilnehmergeb\u00fchren erfolgen. Ersatzpersonen k\u00f6nnen kostenfrei benannt werden. Bitte beachten Sie au\u00dferdem, dass ein Nichterscheinen zur Veranstaltung nicht von der [&hellip;]<\/p>\n","protected":false},"author":1,"featured_media":0,"parent":0,"menu_order":0,"comment_status":"closed","ping_status":"closed","template":"","meta":{"footnotes":""},"class_list":["post-85","page","type-page","status-publish","hentry"],"aioseo_notices":[],"_links":{"self":[{"href":"https:\/\/fruehjahrsakademie.koeln\/index.php?rest_route=\/wp\/v2\/pages\/85","targetHints":{"allow":["GET"]}}],"collection":[{"href":"https:\/\/fruehjahrsakademie.koeln\/index.php?rest_route=\/wp\/v2\/pages"}],"about":[{"href":"https:\/\/fruehjahrsakademie.koeln\/index.php?rest_route=\/wp\/v2\/types\/page"}],"author":[{"embeddable":true,"href":"https:\/\/fruehjahrsakademie.koeln\/index.php?rest_route=\/wp\/v2\/users\/1"}],"replies":[{"embeddable":true,"href":"https:\/\/fruehjahrsakademie.koeln\/index.php?rest_route=%2Fwp%2Fv2%2Fcomments&post=85"}],"version-history":[{"count":160,"href":"https:\/\/fruehjahrsakademie.koeln\/index.php?rest_route=\/wp\/v2\/pages\/85\/revisions"}],"predecessor-version":[{"id":665,"href":"https:\/\/fruehjahrsakademie.koeln\/index.php?rest_route=\/wp\/v2\/pages\/85\/revisions\/665"}],"wp:attachment":[{"href":"https:\/\/fruehjahrsakademie.koeln\/index.php?rest_route=%2Fwp%2Fv2%2Fmedia&parent=85"}],"curies":[{"name":"wp","href":"https:\/\/api.w.org\/{rel}","templated":true}]}}